{"id":2096,"date":"2026-01-13T23:38:59","date_gmt":"2026-01-13T22:38:59","guid":{"rendered":"https:\/\/jecampeenvoitureelectrique.com\/legal-notice\/"},"modified":"2026-03-24T22:47:25","modified_gmt":"2026-03-24T21:47:25","slug":"legal-notice","status":"publish","type":"page","link":"https:\/\/jecampeenvoitureelectrique.com\/en\/legal-notice\/","title":{"rendered":"Legal notice"},"content":{"rendered":"\t\t<div data-elementor-type=\"wp-page\" data-elementor-id=\"2096\" class=\"elementor elementor-2096 elementor-2082\">\n\t\t\t\t<div class=\"elementor-element elementor-element-40bf95c e-flex e-con-boxed e-con e-parent\" data-id=\"40bf95c\" data-element_type=\"container\">\n\t\t\t\t\t<div class=\"e-con-inner\">\n\t\t\t\t<div class=\"elementor-element elementor-element-1523af5 elementor-widget elementor-widget-shortcode\" data-id=\"1523af5\" data-element_type=\"widget\" data-widget_type=\"shortcode.default\">\n\t\t\t\t<div class=\"elementor-widget-container\">\n\t\t\t\t\t\t\t<div class=\"elementor-shortcode\">\n    <div class=\"max-w-5xl mx-auto px-6 py-12 text-gray-800 leading-relaxed\">\n\n        <!-- Titre -->\n        <h1 class=\"text-3xl md:text-4xl font-bold text-center mb-10 text-[#008BFB]\">\n            Legal notice        <\/h1>\n\n        <p class=\"text-center text-lg mb-12 max-w-3xl mx-auto\">\n            Conform\u00e9ment aux dispositions des articles 6-III et 19 de la loi n\u00b02004-575 du 21 juin 2004 pour la confiance dans l&#039;\u00e9conomie num\u00e9rique (LCEN), il est pr\u00e9cis\u00e9 aux utilisateurs du site            <strong>www.jecampeenvoitureelectrique.com<\/strong>\n            l&#039;identit\u00e9 des diff\u00e9rents intervenants dans le cadre de sa r\u00e9alisation et de son exploitation.        <\/p>\n\n        <!-- \u00c9diteur -->\n        <div class=\"mb-12\">\n            <h2 class=\"flex items-center text-2xl font-semibold mb-4 text-[#008BFB]\">\n                <span class=\"material-symbols-outlined mr-2\" aria-hidden=\"true\">business<\/span>\n                1. Site editor            <\/h2>\n            <div class=\"bg-gray-50 border-l-4 border-[#008BFB] p-6 rounded-md shadow-sm space-y-2\">\n                <p><strong>Company name :<\/strong> Vigimilia<\/p>\n                <p><strong>Legal form :<\/strong> Simplified joint stock company<\/p>\n                <p><strong>Share capital :<\/strong> 114 048 \u20ac<\/p>\n                <p><strong>Head office :<\/strong> 2 rue Malaval, 13002 Marseille<\/p>\n                <p><strong>SIREN \/ SIRET :<\/strong> 530 779 040<\/p>\n                <p><strong>RCS :<\/strong> Marseille<\/p>\n                <p><strong>Intracommunity VAT :<\/strong> FR70 530779040<\/p>\n                <p><strong>Email :<\/strong> contact@vigimilia.com<\/p>\n            <\/div>\n        <\/div>\n\n        <!-- Directeur -->\n        <div class=\"mb-12\">\n            <h2 class=\"flex items-center text-2xl font-semibold mb-4 text-[#008BFB]\">\n                <span class=\"material-symbols-outlined mr-2\" aria-hidden=\"true\">person<\/span>\n                2. Publishing director            <\/h2>\n            <p class=\"bg-gray-50 p-6 rounded-md shadow-sm\">\n                <strong>Alexandre Barth\u00e9l\u00e9my<\/strong>, Chairman            <\/p>\n        <\/div>\n\n        <!-- H\u00e9bergeur -->\n        <div class=\"mb-12\">\n            <h2 class=\"flex items-center text-2xl font-semibold mb-4 text-[#008BFB]\">\n                <span class=\"material-symbols-outlined mr-2\" aria-hidden=\"true\">dns<\/span>\n                3. Hosting            <\/h2>\n            <p class=\"bg-gray-50 p-6 rounded-md shadow-sm\">\n                <strong>OVH<\/strong><br>\n                2 rue Kellerman, 59100 Roubaix\n            <\/p>\n        <\/div>\n\n        <!-- Objet -->\n        <div class=\"mb-12\">\n            <h2 class=\"flex items-center text-2xl font-semibold mb-4 text-[#008BFB]\">\n                <span class=\"material-symbols-outlined mr-2\" aria-hidden=\"true\">camping<\/span>\n                4. Purpose of the site            <\/h2>\n            <p>\n                Le site a pour objet de r\u00e9f\u00e9rencer des campings proposant des bornes de recharge pour v\u00e9hicules \u00e9lectriques et de rediriger les utilisateurs vers les sites des campings afin d&#039;y effectuer leurs r\u00e9servations.            <\/p>\n        <\/div>\n\n        <!-- Responsabilit\u00e9 -->\n        <div class=\"mb-12\">\n            <h2 class=\"flex items-center text-2xl font-semibold mb-4 text-[#008BFB]\">\n                <span class=\"material-symbols-outlined mr-2\" aria-hidden=\"true\">gavel<\/span>\n                5. No sale and no liability            <\/h2>\n            <p>\n                Le site ne proc\u00e8de \u00e0 aucune vente, n&#039;encaisse aucun paiement et ne per\u00e7oit aucune commission. Les transactions sont r\u00e9alis\u00e9es directement sur les sites des campings partenaires, sous leur responsabilit\u00e9 exclusive.            <\/p>\n        <\/div>\n\n        <!-- Propri\u00e9t\u00e9 -->\n        <div class=\"mb-12\">\n            <h2 class=\"flex items-center text-2xl font-semibold mb-4 text-[#008BFB]\">\n                <span class=\"material-symbols-outlined mr-2\" aria-hidden=\"true\">copyright<\/span>\n                6. Intellectual property            <\/h2>\n            <p>\n                L&#039;ensemble du contenu du site est prot\u00e9g\u00e9 par le Code de la propri\u00e9t\u00e9 intellectuelle. Toute reproduction ou utilisation sans autorisation est interdite.            <\/p>\n        <\/div>\n\n        <!-- Donn\u00e9es -->\n        <div class=\"mb-12\">\n            <h2 class=\"flex items-center text-2xl font-semibold mb-4 text-[#008BFB]\">\n                <span class=\"material-symbols-outlined mr-2\" aria-hidden=\"true\">lock<\/span>\n                7. Personal data            <\/h2>\n            <p>\n                Information regarding the collection and processing of personal data is available in the Privacy Policy.            <\/p>\n        <\/div>\n\n        <!-- Cookies -->\n        <div class=\"mb-12\">\n            <h2 class=\"flex items-center text-2xl font-semibold mb-4 text-[#008BFB]\">\n                <span class=\"material-symbols-outlined mr-2\" aria-hidden=\"true\">cookie<\/span>\n                8. Cookies            <\/h2>\n            <p>\n                Le site peut utiliser des cookies \u00e0 des fins de mesure d&#039;audience et d&#039;am\u00e9lioration de l&#039;exp\u00e9rience utilisateur.            <\/p>\n        <\/div>\n\n        <!-- Droit -->\n        <div class=\"bg-gray-50 border-l-4 border-[#008BFB] p-6 rounded-md shadow-sm\">\n            <h2 class=\"flex items-center text-xl font-semibold mb-3 text-[#008BFB]\">\n                <span class=\"material-symbols-outlined mr-2\" aria-hidden=\"true\">balance<\/span>\n                9. Applicable law            <\/h2>\n            <p>\n                These legal notices are governed by French law.            <\/p>\n        <\/div>\n\n    <\/div>\n\n    <\/div>\n\t\t\t\t\t\t<\/div>\n\t\t\t\t<\/div>\n\t\t\t\t\t<\/div>\n\t\t\t\t<\/div>\n\t\t\t\t<\/div>\n\t\t","protected":false},"excerpt":{"rendered":"","protected":false},"author":2,"featured_media":0,"parent":0,"menu_order":0,"comment_status":"closed","ping_status":"closed","template":"","meta":{"footnotes":""},"class_list":["post-2096","page","type-page","status-publish","hentry"],"blocksy_meta":{"page_title_panel":"","has_hero_section":"disabled","6adf8427e3338cacf5ab2f524b7ef8b1":"","hero_section":"type-1","hero_elements":[{"id":"custom_title","enabled":true,"heading_tag":"h1","title":"Home"},{"id":"custom_description","enabled":true,"description_visibility":{"desktop":true,"tablet":true,"mobile":false}},{"id":"custom_meta","enabled":false,"meta_elements":[{"id":"author","enabled":true,"label":"By","has_author_avatar":"yes","avatar_size":25},{"id":"post_date","enabled":true,"label":"On","date_format_source":"default","date_format":"M j, Y"},{"id":"updated_date","enabled":false,"label":"On","date_format_source":"default","date_format":"M j, Y"},{"id":"categories","enabled":false,"label":"In","style":"simple"},{"id":"comments","enabled":true}],"page_meta_elements":{"joined":true,"articles_count":true,"comments":true}},{"id":"breadcrumbs","enabled":false}],"9741cca921386e11d73035f6d3788b1c":"","hero_alignment1":"CT_CSS_SKIP_RULE","hero_margin":40,"hero_alignment2":"center","hero_vertical_alignment":"center","7295e70143525a5f80712cda0789f708":"","hero_structure":"narrow","f28dfdaa4842de3933d4727cb207d2e1":"","page_title_bg_type":"featured_image","custom_hero_background":{"attachment_id":null},"page_title_image_size":"full","parallax":{"desktop":false,"tablet":false,"mobile":false},"5edf9deb27275997a5092861bfebae73":"","hero_height":"250px","pageTitleFont":{"family":"Default","variation":"Default","size":"30px","line-height":"CT_CSS_SKIP_RULE","letter-spacing":"CT_CSS_SKIP_RULE","text-transform":"CT_CSS_SKIP_RULE","text-decoration":"CT_CSS_SKIP_RULE"},"pageTitleFontColor":{"default":{"color":"CT_CSS_SKIP_RULEDEFAULT"}},"pageMetaFont":{"family":"Default","variation":"n6","size":"12px","line-height":"1.3","letter-spacing":"CT_CSS_SKIP_RULE","text-transform":"uppercase","text-decoration":"CT_CSS_SKIP_RULE"},"pageMetaFontColor":{"default":{"color":"CT_CSS_SKIP_RULEDEFAULT"},"hover":{"color":"CT_CSS_SKIP_RULEDEFAULT"}},"page_meta_button_type_font_colors":{"default":{"color":"CT_CSS_SKIP_RULEDEFAULT"},"hover":{"color":"CT_CSS_SKIP_RULEDEFAULT"}},"page_meta_button_type_background_colors":{"default":{"color":"CT_CSS_SKIP_RULEDEFAULT"},"hover":{"color":"CT_CSS_SKIP_RULEDEFAULT"}},"pageExcerptFont":{"family":"Default","variation":"Default","size":"CT_CSS_SKIP_RULE","line-height":"CT_CSS_SKIP_RULE","letter-spacing":"CT_CSS_SKIP_RULE","text-transform":"CT_CSS_SKIP_RULE","text-decoration":"CT_CSS_SKIP_RULE"},"pageExcerptColor":{"default":{"color":"CT_CSS_SKIP_RULEDEFAULT"}},"breadcrumbsFont":{"family":"Default","variation":"Default","size":"CT_CSS_SKIP_RULE","line-height":"CT_CSS_SKIP_RULE","letter-spacing":"CT_CSS_SKIP_RULE","text-transform":"CT_CSS_SKIP_RULE","text-decoration":"CT_CSS_SKIP_RULE"},"breadcrumbsFontColor":{"default":{"color":"CT_CSS_SKIP_RULEDEFAULT"},"initial":{"color":"CT_CSS_SKIP_RULEDEFAULT"},"hover":{"color":"CT_CSS_SKIP_RULEDEFAULT"}},"pageTitleOverlay":{"background_type":"color","background_pattern":"type-1","background_image":{"attachment_id":null,"x":0,"y":0},"gradient":"linear-gradient(135deg,rgba(6,147,227,1) 0%,rgb(155,81,224) 100%)","background_repeat":"repeat","background_size":"auto","background_attachment":"scroll","patternColor":{"default":{"color":"#e5e7ea"}},"overlayColor":{"default":{"color":"CT_CSS_SKIP_RULE"}},"backgroundColor":{"default":{"color":"CT_CSS_SKIP_RULE"}}},"pageTitleBackground":{"background_type":"color","background_pattern":"type-1","background_image":{"attachment_id":null,"x":0,"y":0},"gradient":"linear-gradient(135deg,rgba(6,147,227,1) 0%,rgb(155,81,224) 100%)","background_repeat":"repeat","background_size":"auto","background_attachment":"scroll","patternColor":{"default":{"color":"#e5e7ea"}},"overlayColor":{"default":{"color":"CT_CSS_SKIP_RULE"}},"backgroundColor":{"default":{"color":"var(--theme-palette-color-6)"}}},"pageTitlePadding":{"top":"50px","bottom":"50px","left":"auto","right":"auto","linked":true},"1bb85a443599e4f3c9dda8cd1d52b4f8":"","page_structure_type":"default","858466f3ebd28086503780ff7f37f52f":"","content_style_source":"inherit","content_style":"wide","vertical_spacing_source":"custom","content_area_spacing":"none","background":{"background_type":"color","background_pattern":"type-1","background_image":{"attachment_id":null,"x":0,"y":0},"gradient":"linear-gradient(135deg,rgba(6,147,227,1) 0%,rgb(155,81,224) 100%)","background_repeat":"repeat","background_size":"auto","background_attachment":"scroll","patternColor":{"default":{"color":"#e5e7ea"}},"overlayColor":{"default":{"color":"CT_CSS_SKIP_RULE"}},"backgroundColor":{"default":{"color":"CT_CSS_SKIP_RULE"}}},"content_background":{"background_type":"color","background_pattern":"type-1","background_image":{"attachment_id":null,"x":0,"y":0},"gradient":"linear-gradient(135deg,rgba(6,147,227,1) 0%,rgb(155,81,224) 100%)","background_repeat":"repeat","background_size":"auto","background_attachment":"scroll","patternColor":{"default":{"color":"#e5e7ea"}},"overlayColor":{"default":{"color":"CT_CSS_SKIP_RULE"}},"backgroundColor":{"default":{"color":"var(--theme-palette-color-8)"}}},"content_boxed_shadow":{"inherit":false,"blur":18,"spread":-6,"v_offset":12,"h_offset":0,"inset":false,"enable":true,"color":{"color":"rgba(34, 56, 101, 0.04)"}},"content_boxed_border":{"width":1,"style":"none","color":{"color":"rgba(44,62,80,0.2)"}},"content_boxed_radius":{"top":"3px","bottom":"3px","left":"3px","right":"3px","linked":true},"boxed_content_spacing":{"desktop":{"top":"40px","bottom":"40px","left":"40px","right":"40px","linked":true},"tablet":{"top":"35px","bottom":"35px","left":"35px","right":"35px","linked":true},"mobile":{"top":"20px","bottom":"20px","left":"20px","right":"20px","linked":true}},"89c5690a5759feff4305e208991a1347":"","disable_featured_image":"no","disable_share_box":"no","disable_header":"no","disable_footer":"no","styles_descriptor":{"styles":{"desktop":"","tablet":"","mobile":""},"google_fonts":[],"version":6}},"_links":{"self":[{"href":"https:\/\/jecampeenvoitureelectrique.com\/en\/wp-json\/wp\/v2\/pages\/2096","targetHints":{"allow":["GET"]}}],"collection":[{"href":"https:\/\/jecampeenvoitureelectrique.com\/en\/wp-json\/wp\/v2\/pages"}],"about":[{"href":"https:\/\/jecampeenvoitureelectrique.com\/en\/wp-json\/wp\/v2\/types\/page"}],"author":[{"embeddable":true,"href":"https:\/\/jecampeenvoitureelectrique.com\/en\/wp-json\/wp\/v2\/users\/2"}],"replies":[{"embeddable":true,"href":"https:\/\/jecampeenvoitureelectrique.com\/en\/wp-json\/wp\/v2\/comments?post=2096"}],"version-history":[{"count":1,"href":"https:\/\/jecampeenvoitureelectrique.com\/en\/wp-json\/wp\/v2\/pages\/2096\/revisions"}],"predecessor-version":[{"id":2098,"href":"https:\/\/jecampeenvoitureelectrique.com\/en\/wp-json\/wp\/v2\/pages\/2096\/revisions\/2098"}],"wp:attachment":[{"href":"https:\/\/jecampeenvoitureelectrique.com\/en\/wp-json\/wp\/v2\/media?parent=2096"}],"curies":[{"name":"wp","href":"https:\/\/api.w.org\/{rel}","templated":true}]}}