{"id":2111,"date":"2022-06-28T09:42:44","date_gmt":"2022-06-28T07:42:44","guid":{"rendered":"https:\/\/jecampeenvoitureelectrique.com\/who-we-are\/"},"modified":"2026-03-24T22:47:26","modified_gmt":"2026-03-24T21:47:26","slug":"who-we-are","status":"publish","type":"page","link":"https:\/\/jecampeenvoitureelectrique.com\/en\/who-we-are\/","title":{"rendered":"Who we are"},"content":{"rendered":"\t\t<div data-elementor-type=\"wp-page\" data-elementor-id=\"2111\" class=\"elementor elementor-2111 elementor-969\">\n\t\t\t\t<div class=\"elementor-element elementor-element-40bf95c e-flex e-con-boxed e-con e-parent\" data-id=\"40bf95c\" data-element_type=\"container\">\n\t\t\t\t\t<div class=\"e-con-inner\">\n\t\t\t\t<div class=\"elementor-element elementor-element-1523af5 elementor-widget elementor-widget-shortcode\" data-id=\"1523af5\" data-element_type=\"widget\" data-widget_type=\"shortcode.default\">\n\t\t\t\t<div class=\"elementor-widget-container\">\n\t\t\t\t\t\t\t<div class=\"elementor-shortcode\">\n    <div class=\"max-w-5xl mx-auto px-6 py-12 text-gray-800 leading-relaxed\">\n\n        <!-- Titre principal -->\n        <h1 class=\"text-3xl md:text-4xl font-bold text-center mb-8 text-[#008BFB]\">\n            Who are we?        <\/h1>\n\n        <!-- Intro -->\n        <p class=\"text-lg text-center mb-10\">\n            Welcome to <span class=\"font-semibold\">Camping in an electric car<\/span>,\n            the first directory dedicated to campsites equipped with charging stations for electric or hybrid vehicles.        <\/p>\n        <p class=\"mb-12 text-center max-w-3xl mx-auto\">\n            Our mission is simple: <strong>making it easier for electric travellers to go on vacation<\/strong> and            <strong>enhancing the value of equipped facilities<\/strong>.\n        <\/p>\n\n        <!-- Section plateforme -->\n        <div class=\"mb-12\">\n            <h2 class=\"flex items-center text-2xl font-semibold mb-4 text-[#008BFB]\">\n                <span class=\"material-symbols-outlined mr-2\" aria-hidden=\"true\">camping<\/span>\n                A platform for campers            <\/h2>\n            <p class=\"mb-4\">\n                Nous savons qu&#039;organiser un s\u00e9jour en voiture \u00e9lectrique ou hybride peut parfois \u00eatre source d&#039;inqui\u00e9tude. O\u00f9 recharger facilement et en s\u00e9curit\u00e9 ? Les bornes seront-elles adapt\u00e9es ? Le camping est-il \u00e9quip\u00e9 ?            <\/p>\n            <p>\n                With our site, there&#039;s no need to look around: <strong>every campsite listed is checked<\/strong> et b\u00e9n\u00e9ficie d&#039;une fiche claire, mettant en avant ses \u00e9quipements de recharge et ses services, ainsi qu&#039;une possibilit\u00e9 de r\u00e9server directement ses prochaines vacances.            <\/p>\n        <\/div>\n\n        <!-- Section Label -->\n        <div class=\"mb-12\">\n            <h2 class=\"flex items-center text-2xl font-semibold mb-4 text-[#008BFB]\">\n                <span class=\"material-symbols-outlined mr-2\" aria-hidden=\"true\">bolt<\/span>\n                A unique label: Label \u00c9clair            <\/h2>\n            <p>\n                For greater transparency, we have created the <strong>Label \u00c9clair<\/strong>, qui note de 1 \u00e0 5 le confort de recharge propos\u00e9 par chaque camping. Ce syst\u00e8me simple et lisible permet aux campeurs de choisir en toute confiance l&#039;\u00e9tablissement le mieux adapt\u00e9 \u00e0 leurs besoins, et aux gestionnaires de mettre en valeur leurs investissements et leur engagement \u00e9cologique.            <\/p>\n        <\/div>\n\n        <!-- Section communaut\u00e9 -->\n        <div class=\"mb-12\">\n            <h2 class=\"flex items-center text-2xl font-semibold mb-4 text-[#008BFB]\">\n                <span class=\"material-symbols-outlined mr-2\" aria-hidden=\"true\">group<\/span>\n                A committed community            <\/h2>\n            <p class=\"mb-4\">\n                <strong>Camping in an electric car<\/strong> est bien plus qu&#039;un annuaire : c&#039;est une communaut\u00e9 de voyageurs, de passionn\u00e9s de plein air et de professionnels du camping, unis autour d&#039;une vision commune : partir en vacances avec sa voiture \u00e9lectrique (ou hybride) sans contrainte, en toute confiance et en toute s\u00e9curit\u00e9.            <\/p>\n            <p>\n                Our ambition: that tomorrow, <strong>going on vacation in an electric car becomes as simple and natural as pitching a tent<\/strong>.\n            <\/p>\n        <\/div>\n\n        <!-- Section \u00e9diteur -->\n        <div class=\"bg-gray-50 border-l-4 border-[#008BFB] p-6 rounded-md shadow-sm\">\n            <h2 class=\"flex items-center text-xl font-semibold mb-3 text-[#008BFB]\">\n                <span class=\"material-symbols-outlined mr-2\" aria-hidden=\"true\">business<\/span>\n                Edited by Vigimilia            <\/h2>\n            <ul class=\"space-y-2 pl-5 text-gray-700 list-disc\">\n                <li>The &quot;Je campe en voiture \u00e9lectrique&quot; website is published by Vigimilia, specialists in data and competitive intelligence for campsites.<\/li>\n                <li>Our data expertise guarantees reliable, up-to-date information that is useful to both campers and managers.<\/li>\n                <li>Avec Vigimilia, l&#039;innovation digitale se met au service du tourisme durable et de l&#039;exp\u00e9rience client.<\/li>\n            <\/ul>\n\n        <\/div>\n\n    <\/div>\n\n    <\/div>\n\t\t\t\t\t\t<\/div>\n\t\t\t\t<\/div>\n\t\t\t\t\t<\/div>\n\t\t\t\t<\/div>\n\t\t\t\t<\/div>\n\t\t","protected":false},"excerpt":{"rendered":"","protected":false},"author":2,"featured_media":0,"parent":0,"menu_order":0,"comment_status":"closed","ping_status":"closed","template":"","meta":{"footnotes":""},"class_list":["post-2111","page","type-page","status-publish","hentry"],"blocksy_meta":{"page_title_panel":"","has_hero_section":"disabled","6adf8427e3338cacf5ab2f524b7ef8b1":"","hero_section":"type-1","hero_elements":[{"id":"custom_title","enabled":true,"heading_tag":"h1","title":"Home"},{"id":"custom_description","enabled":true,"description_visibility":{"desktop":true,"tablet":true,"mobile":false}},{"id":"custom_meta","enabled":false,"meta_elements":[{"id":"author","enabled":true,"label":"By","has_author_avatar":"yes","avatar_size":25},{"id":"post_date","enabled":true,"label":"On","date_format_source":"default","date_format":"M j, Y"},{"id":"updated_date","enabled":false,"label":"On","date_format_source":"default","date_format":"M j, Y"},{"id":"categories","enabled":false,"label":"In","style":"simple"},{"id":"comments","enabled":true}],"page_meta_elements":{"joined":true,"articles_count":true,"comments":true}},{"id":"breadcrumbs","enabled":false}],"9741cca921386e11d73035f6d3788b1c":"","hero_alignment1":"CT_CSS_SKIP_RULE","hero_margin":40,"hero_alignment2":"center","hero_vertical_alignment":"center","7295e70143525a5f80712cda0789f708":"","hero_structure":"narrow","f28dfdaa4842de3933d4727cb207d2e1":"","page_title_bg_type":"featured_image","custom_hero_background":{"attachment_id":null},"page_title_image_size":"full","parallax":{"desktop":false,"tablet":false,"mobile":false},"5edf9deb27275997a5092861bfebae73":"","hero_height":"250px","pageTitleFont":{"family":"Default","variation":"Default","size":"30px","line-height":"CT_CSS_SKIP_RULE","letter-spacing":"CT_CSS_SKIP_RULE","text-transform":"CT_CSS_SKIP_RULE","text-decoration":"CT_CSS_SKIP_RULE"},"pageTitleFontColor":{"default":{"color":"CT_CSS_SKIP_RULEDEFAULT"}},"pageMetaFont":{"family":"Default","variation":"n6","size":"12px","line-height":"1.3","letter-spacing":"CT_CSS_SKIP_RULE","text-transform":"uppercase","text-decoration":"CT_CSS_SKIP_RULE"},"pageMetaFontColor":{"default":{"color":"CT_CSS_SKIP_RULEDEFAULT"},"hover":{"color":"CT_CSS_SKIP_RULEDEFAULT"}},"page_meta_button_type_font_colors":{"default":{"color":"CT_CSS_SKIP_RULEDEFAULT"},"hover":{"color":"CT_CSS_SKIP_RULEDEFAULT"}},"page_meta_button_type_background_colors":{"default":{"color":"CT_CSS_SKIP_RULEDEFAULT"},"hover":{"color":"CT_CSS_SKIP_RULEDEFAULT"}},"pageExcerptFont":{"family":"Default","variation":"Default","size":"CT_CSS_SKIP_RULE","line-height":"CT_CSS_SKIP_RULE","letter-spacing":"CT_CSS_SKIP_RULE","text-transform":"CT_CSS_SKIP_RULE","text-decoration":"CT_CSS_SKIP_RULE"},"pageExcerptColor":{"default":{"color":"CT_CSS_SKIP_RULEDEFAULT"}},"breadcrumbsFont":{"family":"Default","variation":"Default","size":"CT_CSS_SKIP_RULE","line-height":"CT_CSS_SKIP_RULE","letter-spacing":"CT_CSS_SKIP_RULE","text-transform":"CT_CSS_SKIP_RULE","text-decoration":"CT_CSS_SKIP_RULE"},"breadcrumbsFontColor":{"default":{"color":"CT_CSS_SKIP_RULEDEFAULT"},"initial":{"color":"CT_CSS_SKIP_RULEDEFAULT"},"hover":{"color":"CT_CSS_SKIP_RULEDEFAULT"}},"pageTitleOverlay":{"background_type":"color","background_pattern":"type-1","background_image":{"attachment_id":null,"x":0,"y":0},"gradient":"linear-gradient(135deg,rgba(6,147,227,1) 0%,rgb(155,81,224) 100%)","background_repeat":"repeat","background_size":"auto","background_attachment":"scroll","patternColor":{"default":{"color":"#e5e7ea"}},"overlayColor":{"default":{"color":"CT_CSS_SKIP_RULE"}},"backgroundColor":{"default":{"color":"CT_CSS_SKIP_RULE"}}},"pageTitleBackground":{"background_type":"color","background_pattern":"type-1","background_image":{"attachment_id":null,"x":0,"y":0},"gradient":"linear-gradient(135deg,rgba(6,147,227,1) 0%,rgb(155,81,224) 100%)","background_repeat":"repeat","background_size":"auto","background_attachment":"scroll","patternColor":{"default":{"color":"#e5e7ea"}},"overlayColor":{"default":{"color":"CT_CSS_SKIP_RULE"}},"backgroundColor":{"default":{"color":"var(--theme-palette-color-6)"}}},"pageTitlePadding":{"top":"50px","bottom":"50px","left":"auto","right":"auto","linked":true},"1bb85a443599e4f3c9dda8cd1d52b4f8":"","page_structure_type":"default","858466f3ebd28086503780ff7f37f52f":"","content_style_source":"inherit","content_style":"wide","vertical_spacing_source":"custom","content_area_spacing":"none","background":{"background_type":"color","background_pattern":"type-1","background_image":{"attachment_id":null,"x":0,"y":0},"gradient":"linear-gradient(135deg,rgba(6,147,227,1) 0%,rgb(155,81,224) 100%)","background_repeat":"repeat","background_size":"auto","background_attachment":"scroll","patternColor":{"default":{"color":"#e5e7ea"}},"overlayColor":{"default":{"color":"CT_CSS_SKIP_RULE"}},"backgroundColor":{"default":{"color":"CT_CSS_SKIP_RULE"}}},"content_background":{"background_type":"color","background_pattern":"type-1","background_image":{"attachment_id":null,"x":0,"y":0},"gradient":"linear-gradient(135deg,rgba(6,147,227,1) 0%,rgb(155,81,224) 100%)","background_repeat":"repeat","background_size":"auto","background_attachment":"scroll","patternColor":{"default":{"color":"#e5e7ea"}},"overlayColor":{"default":{"color":"CT_CSS_SKIP_RULE"}},"backgroundColor":{"default":{"color":"var(--theme-palette-color-8)"}}},"content_boxed_shadow":{"inherit":false,"blur":18,"spread":-6,"v_offset":12,"h_offset":0,"inset":false,"enable":true,"color":{"color":"rgba(34, 56, 101, 0.04)"}},"content_boxed_border":{"width":1,"style":"none","color":{"color":"rgba(44,62,80,0.2)"}},"content_boxed_radius":{"top":"3px","bottom":"3px","left":"3px","right":"3px","linked":true},"boxed_content_spacing":{"desktop":{"top":"40px","bottom":"40px","left":"40px","right":"40px","linked":true},"tablet":{"top":"35px","bottom":"35px","left":"35px","right":"35px","linked":true},"mobile":{"top":"20px","bottom":"20px","left":"20px","right":"20px","linked":true}},"89c5690a5759feff4305e208991a1347":"","disable_featured_image":"no","disable_share_box":"no","disable_header":"no","disable_footer":"no","styles_descriptor":{"styles":{"desktop":"","tablet":"","mobile":""},"google_fonts":[],"version":6}},"_links":{"self":[{"href":"https:\/\/jecampeenvoitureelectrique.com\/en\/wp-json\/wp\/v2\/pages\/2111","targetHints":{"allow":["GET"]}}],"collection":[{"href":"https:\/\/jecampeenvoitureelectrique.com\/en\/wp-json\/wp\/v2\/pages"}],"about":[{"href":"https:\/\/jecampeenvoitureelectrique.com\/en\/wp-json\/wp\/v2\/types\/page"}],"author":[{"embeddable":true,"href":"https:\/\/jecampeenvoitureelectrique.com\/en\/wp-json\/wp\/v2\/users\/2"}],"replies":[{"embeddable":true,"href":"https:\/\/jecampeenvoitureelectrique.com\/en\/wp-json\/wp\/v2\/comments?post=2111"}],"version-history":[{"count":1,"href":"https:\/\/jecampeenvoitureelectrique.com\/en\/wp-json\/wp\/v2\/pages\/2111\/revisions"}],"predecessor-version":[{"id":2114,"href":"https:\/\/jecampeenvoitureelectrique.com\/en\/wp-json\/wp\/v2\/pages\/2111\/revisions\/2114"}],"wp:attachment":[{"href":"https:\/\/jecampeenvoitureelectrique.com\/en\/wp-json\/wp\/v2\/media?parent=2111"}],"curies":[{"name":"wp","href":"https:\/\/api.w.org\/{rel}","templated":true}]}}