{"id":2115,"date":"2025-08-29T20:08:53","date_gmt":"2025-08-29T18:08:53","guid":{"rendered":"https:\/\/jecampeenvoitureelectrique.com\/label-eclair\/"},"modified":"2026-03-24T22:47:26","modified_gmt":"2026-03-24T21:47:26","slug":"label-eclair","status":"publish","type":"page","link":"https:\/\/jecampeenvoitureelectrique.com\/en\/label-eclair\/","title":{"rendered":"Label \u00c9clair"},"content":{"rendered":"\t\t<div data-elementor-type=\"wp-page\" data-elementor-id=\"2115\" class=\"elementor elementor-2115 elementor-1984\">\n\t\t\t\t<div class=\"elementor-element elementor-element-3257d43 e-flex e-con-boxed e-con e-parent\" data-id=\"3257d43\" data-element_type=\"container\">\n\t\t\t\t\t<div class=\"e-con-inner\">\n\t\t\t\t<div class=\"elementor-element elementor-element-766bce4 elementor-widget elementor-widget-shortcode\" data-id=\"766bce4\" data-element_type=\"widget\" data-widget_type=\"shortcode.default\">\n\t\t\t\t<div class=\"elementor-widget-container\">\n\t\t\t\t\t\t\t<div class=\"elementor-shortcode\">\n    <div class=\"max-w-5xl mx-auto px-6 py-12 text-gray-800 leading-relaxed\">\n\n        <!-- Titre principal -->\n        <h1 class=\"text-3xl md:text-4xl font-bold text-center mb-8 text-[#008BFB]\">\n            The \u00c9clair label        <\/h1>\n\n        <!-- Intro -->\n        <p class=\"mb-6 text-lg text-center\">\n            The <strong>Label \u00c9clair<\/strong>\n            was created to provide a simple and transparent overview of the quality of recharging facilities at campsites listed on            <em>Camping in an electric car<\/em>.\n        <\/p>\n        <p class=\"mb-8 text-center max-w-3xl mx-auto\">\n            Inspired by the best practices of sustainable tourism and electric mobility, this label evaluates each establishment on a scale of            <strong>1 to 5 lightning bolts<\/strong>,\n            based on the comfort and services offered to passengers.        <\/p>\n\n        <!-- Crit\u00e8res -->\n        <div class=\"mb-12\">\n            <h2 class=\"flex items-center text-2xl font-semibold mb-4 text-[#008BFB]\">\n                <span class=\"material-symbols-outlined mr-2\" aria-hidden=\"true\">checklist<\/span>\n                Clear, precise criteria            <\/h2>\n            <p>\n                L&#039;\u00e9valuation prend en compte plusieurs crit\u00e8res essentiels : le nombre et la puissance des bornes, leur accessibilit\u00e9, leur signal\u00e9tique et les services associ\u00e9s. Elle distingue \u00e9galement les infrastructures selon qu&#039;elles sont communes \u00e0 tous les campeurs, r\u00e9serv\u00e9es aux clients ou individuelles sur emplacement ou en location. Ainsi, chaque camping est jug\u00e9 de mani\u00e8re \u00e9quitable et pr\u00e9cise, quelle que soit sa configuration.            <\/p>\n        <\/div>\n\n        <!-- Niveaux du label -->\n        <div class=\"grid gap-6\">\n\n            <!-- 1 \u00e9clair -->\n            <div class=\"p-4 border-l-4 border-[#008BFB] bg-gray-50 rounded-md shadow-sm\">\n                <div class=\"flex items-center mb-2\">\n                                            <span class=\"material-symbols-outlined text-[28px] text-[#008BFB]\">bolt<\/span>\n                                            <span class=\"material-symbols-outlined text-[28px] text-gray-300\">bolt<\/span>\n                                            <span class=\"material-symbols-outlined text-[28px] text-gray-300\">bolt<\/span>\n                                            <span class=\"material-symbols-outlined text-[28px] text-gray-300\">bolt<\/span>\n                                            <span class=\"material-symbols-outlined text-[28px] text-gray-300\">bolt<\/span>\n                                    <\/div>\n                <p><strong>1 lightning bolt :<\/strong> le camping dispose au minimum d&#039;un point de recharge adapt\u00e9 permettant de charger un v\u00e9hicule \u00e9lectrique ou hybride.<\/p>\n            <\/div>\n\n            <!-- 2 \u00e9clairs -->\n            <div class=\"p-4 border-l-4 border-[#008BFB] bg-gray-50 rounded-md shadow-sm\">\n                <div class=\"flex items-center mb-2\">\n                                            <span class=\"material-symbols-outlined text-[28px] text-[#008BFB]\">bolt<\/span>\n                                            <span class=\"material-symbols-outlined text-[28px] text-[#008BFB]\">bolt<\/span>\n                                            <span class=\"material-symbols-outlined text-[28px] text-gray-300\">bolt<\/span>\n                                            <span class=\"material-symbols-outlined text-[28px] text-gray-300\">bolt<\/span>\n                                            <span class=\"material-symbols-outlined text-[28px] text-gray-300\">bolt<\/span>\n                                    <\/div>\n                <p><strong>2 lightning bolts:<\/strong> several kiosks are available, including at least one semi-rapid one, along with the first practical services.<\/p>\n            <\/div>\n\n            <!-- 3 \u00e9clairs -->\n            <div class=\"p-4 border-l-4 border-[#008BFB] bg-gray-50 rounded-md shadow-sm\">\n                <div class=\"flex items-center mb-2\">\n                                            <span class=\"material-symbols-outlined text-[28px] text-[#008BFB]\">bolt<\/span>\n                                            <span class=\"material-symbols-outlined text-[28px] text-[#008BFB]\">bolt<\/span>\n                                            <span class=\"material-symbols-outlined text-[28px] text-[#008BFB]\">bolt<\/span>\n                                            <span class=\"material-symbols-outlined text-[28px] text-gray-300\">bolt<\/span>\n                                            <span class=\"material-symbols-outlined text-[28px] text-gray-300\">bolt<\/span>\n                                    <\/div>\n                <p><strong>3 lightning bolts:<\/strong> recharging capacity is enhanced, with more charging stations, higher power and additional services (e.g. cable loans, multilingual information).<\/p>\n            <\/div>\n\n            <!-- 4 \u00e9clairs -->\n            <div class=\"p-4 border-l-4 border-[#008BFB] bg-gray-50 rounded-md shadow-sm\">\n                <div class=\"flex items-center mb-2\">\n                                            <span class=\"material-symbols-outlined text-[28px] text-[#008BFB]\">bolt<\/span>\n                                            <span class=\"material-symbols-outlined text-[28px] text-[#008BFB]\">bolt<\/span>\n                                            <span class=\"material-symbols-outlined text-[28px] text-[#008BFB]\">bolt<\/span>\n                                            <span class=\"material-symbols-outlined text-[28px] text-[#008BFB]\">bolt<\/span>\n                                            <span class=\"material-symbols-outlined text-[28px] text-gray-300\">bolt<\/span>\n                                    <\/div>\n                <p><strong>4 lightning bolts:<\/strong> charging convenience becomes optimal, with a significant number of charging stations, modern equipment, clear signage and a strong commitment to environmental responsibility.<\/p>\n            <\/div>\n\n            <!-- 5 \u00e9clairs -->\n            <div class=\"p-4 border-l-4 border-[#008BFB] bg-gray-50 rounded-md shadow-sm\">\n                <div class=\"flex items-center mb-2\">\n                                            <span class=\"material-symbols-outlined text-[28px] text-[#008BFB]\">bolt<\/span>\n                                            <span class=\"material-symbols-outlined text-[28px] text-[#008BFB]\">bolt<\/span>\n                                            <span class=\"material-symbols-outlined text-[28px] text-[#008BFB]\">bolt<\/span>\n                                            <span class=\"material-symbols-outlined text-[28px] text-[#008BFB]\">bolt<\/span>\n                                            <span class=\"material-symbols-outlined text-[28px] text-[#008BFB]\">bolt<\/span>\n                                    <\/div>\n                <p><strong>5 lightning bolts:<\/strong> l&#039;excellence. Le camping offre une exp\u00e9rience haut de gamme avec des bornes rapides, des espaces abrit\u00e9s et des services d\u00e9di\u00e9s pour profiter pleinement du temps de recharge.<\/p>\n            <\/div>\n        <\/div>\n\n        <!-- Conclusion -->\n        <div class=\"mt-12 text-center\">\n            <p class=\"max-w-3xl mx-auto\">\n                Thanks to the <strong>Label \u00c9clair<\/strong>,\n                les vacanciers savent en un coup d&#039;\u0153il \u00e0 quoi s&#039;attendre et peuvent choisir le camping qui correspond le mieux \u00e0 leur v\u00e9hicule et \u00e0 leurs attentes.            <\/p>\n            <p class=\"mt-4 max-w-3xl mx-auto\">\n                Pour les gestionnaires, c&#039;est une mani\u00e8re de valoriser leurs investissements et de montrer leur engagement pour un tourisme moderne, pratique et durable.            <\/p>\n        <\/div>\n\n    <\/div>\n\n    <\/div>\n\t\t\t\t\t\t<\/div>\n\t\t\t\t<\/div>\n\t\t\t\t\t<\/div>\n\t\t\t\t<\/div>\n\t\t\t\t<\/div>\n\t\t","protected":false},"excerpt":{"rendered":"","protected":false},"author":2,"featured_media":0,"parent":0,"menu_order":0,"comment_status":"closed","ping_status":"closed","template":"","meta":{"footnotes":""},"class_list":["post-2115","page","type-page","status-publish","hentry"],"blocksy_meta":{"page_title_panel":"","has_hero_section":"disabled","1d03c0975884bb3313cce6dd2f1b30f2":"","hero_section":"type-1","hero_elements":[{"id":"custom_title","enabled":true,"heading_tag":"h1","title":"Home"},{"id":"custom_description","enabled":true,"description_visibility":{"desktop":true,"tablet":true,"mobile":false}},{"id":"custom_meta","enabled":false,"meta_elements":[{"id":"author","enabled":true,"label":"By","has_author_avatar":"yes","avatar_size":25},{"id":"post_date","enabled":true,"label":"On","date_format_source":"default","date_format":"M j, Y"},{"id":"updated_date","enabled":false,"label":"On","date_format_source":"default","date_format":"M j, Y"},{"id":"categories","enabled":false,"label":"In","style":"simple"},{"id":"comments","enabled":true}],"page_meta_elements":{"joined":true,"articles_count":true,"comments":true}},{"id":"breadcrumbs","enabled":false}],"297f415109f6d68645364fc3ee8b300d":"","hero_alignment1":"CT_CSS_SKIP_RULE","hero_margin":40,"hero_alignment2":"center","hero_vertical_alignment":"center","fd7b944a1016f6997ff05cca28a86507":"","hero_structure":"narrow","725835a220a806d2dede541683191d01":"","page_title_bg_type":"featured_image","custom_hero_background":{"attachment_id":null},"page_title_image_size":"full","parallax":{"desktop":false,"tablet":false,"mobile":false},"b75289ee406e0a1a57fb3394b341d4b2":"","hero_height":"250px","pageTitleFont":{"family":"Default","variation":"Default","size":"30px","line-height":"CT_CSS_SKIP_RULE","letter-spacing":"CT_CSS_SKIP_RULE","text-transform":"CT_CSS_SKIP_RULE","text-decoration":"CT_CSS_SKIP_RULE"},"pageTitleFontColor":{"default":{"color":"CT_CSS_SKIP_RULEDEFAULT"}},"pageMetaFont":{"family":"Default","variation":"n6","size":"12px","line-height":"1.3","letter-spacing":"CT_CSS_SKIP_RULE","text-transform":"uppercase","text-decoration":"CT_CSS_SKIP_RULE"},"pageMetaFontColor":{"default":{"color":"CT_CSS_SKIP_RULEDEFAULT"},"hover":{"color":"CT_CSS_SKIP_RULEDEFAULT"}},"page_meta_button_type_font_colors":{"default":{"color":"CT_CSS_SKIP_RULEDEFAULT"},"hover":{"color":"CT_CSS_SKIP_RULEDEFAULT"}},"page_meta_button_type_background_colors":{"default":{"color":"CT_CSS_SKIP_RULEDEFAULT"},"hover":{"color":"CT_CSS_SKIP_RULEDEFAULT"}},"pageExcerptFont":{"family":"Default","variation":"Default","size":"CT_CSS_SKIP_RULE","line-height":"CT_CSS_SKIP_RULE","letter-spacing":"CT_CSS_SKIP_RULE","text-transform":"CT_CSS_SKIP_RULE","text-decoration":"CT_CSS_SKIP_RULE"},"pageExcerptColor":{"default":{"color":"CT_CSS_SKIP_RULEDEFAULT"}},"breadcrumbsFont":{"family":"Default","variation":"Default","size":"CT_CSS_SKIP_RULE","line-height":"CT_CSS_SKIP_RULE","letter-spacing":"CT_CSS_SKIP_RULE","text-transform":"CT_CSS_SKIP_RULE","text-decoration":"CT_CSS_SKIP_RULE"},"breadcrumbsFontColor":{"default":{"color":"CT_CSS_SKIP_RULEDEFAULT"},"initial":{"color":"CT_CSS_SKIP_RULEDEFAULT"},"hover":{"color":"CT_CSS_SKIP_RULEDEFAULT"}},"pageTitleOverlay":{"background_type":"color","background_pattern":"type-1","background_image":{"attachment_id":null,"x":0,"y":0},"gradient":"linear-gradient(135deg,rgba(6,147,227,1) 0%,rgb(155,81,224) 100%)","background_repeat":"repeat","background_size":"auto","background_attachment":"scroll","patternColor":{"default":{"color":"#e5e7ea"}},"overlayColor":{"default":{"color":"CT_CSS_SKIP_RULE"}},"backgroundColor":{"default":{"color":"CT_CSS_SKIP_RULE"}}},"pageTitleBackground":{"background_type":"color","background_pattern":"type-1","background_image":{"attachment_id":null,"x":0,"y":0},"gradient":"linear-gradient(135deg,rgba(6,147,227,1) 0%,rgb(155,81,224) 100%)","background_repeat":"repeat","background_size":"auto","background_attachment":"scroll","patternColor":{"default":{"color":"#e5e7ea"}},"overlayColor":{"default":{"color":"CT_CSS_SKIP_RULE"}},"backgroundColor":{"default":{"color":"var(--theme-palette-color-6)"}}},"pageTitlePadding":{"top":"50px","bottom":"50px","left":"auto","right":"auto","linked":true},"52e632a4882fbb110ac4f3f941ac88e6":"","page_structure_type":"default","3e83552c4a6b912d9fa29eff61d1cc2c":"","content_style_source":"inherit","content_style":"wide","vertical_spacing_source":"custom","content_area_spacing":"none","background":{"background_type":"color","background_pattern":"type-1","background_image":{"attachment_id":null,"x":0,"y":0},"gradient":"linear-gradient(135deg,rgba(6,147,227,1) 0%,rgb(155,81,224) 100%)","background_repeat":"repeat","background_size":"auto","background_attachment":"scroll","patternColor":{"default":{"color":"#e5e7ea"}},"overlayColor":{"default":{"color":"CT_CSS_SKIP_RULE"}},"backgroundColor":{"default":{"color":"CT_CSS_SKIP_RULE"}}},"content_background":{"background_type":"color","background_pattern":"type-1","background_image":{"attachment_id":null,"x":0,"y":0},"gradient":"linear-gradient(135deg,rgba(6,147,227,1) 0%,rgb(155,81,224) 100%)","background_repeat":"repeat","background_size":"auto","background_attachment":"scroll","patternColor":{"default":{"color":"#e5e7ea"}},"overlayColor":{"default":{"color":"CT_CSS_SKIP_RULE"}},"backgroundColor":{"default":{"color":"var(--theme-palette-color-8)"}}},"content_boxed_shadow":{"inherit":false,"blur":18,"spread":-6,"v_offset":12,"h_offset":0,"inset":false,"enable":true,"color":{"color":"rgba(34, 56, 101, 0.04)"}},"content_boxed_border":{"width":1,"style":"none","color":{"color":"rgba(44,62,80,0.2)"}},"content_boxed_radius":{"top":"3px","bottom":"3px","left":"3px","right":"3px","linked":true},"boxed_content_spacing":{"desktop":{"top":"40px","bottom":"40px","left":"40px","right":"40px","linked":true},"tablet":{"top":"35px","bottom":"35px","left":"35px","right":"35px","linked":true},"mobile":{"top":"20px","bottom":"20px","left":"20px","right":"20px","linked":true}},"62eb854e9eef5c3ecdd8032d26f48ece":"","disable_featured_image":"no","disable_share_box":"no","disable_header":"no","disable_footer":"no","styles_descriptor":{"styles":{"desktop":"","tablet":"","mobile":""},"google_fonts":[],"version":6}},"_links":{"self":[{"href":"https:\/\/jecampeenvoitureelectrique.com\/en\/wp-json\/wp\/v2\/pages\/2115","targetHints":{"allow":["GET"]}}],"collection":[{"href":"https:\/\/jecampeenvoitureelectrique.com\/en\/wp-json\/wp\/v2\/pages"}],"about":[{"href":"https:\/\/jecampeenvoitureelectrique.com\/en\/wp-json\/wp\/v2\/types\/page"}],"author":[{"embeddable":true,"href":"https:\/\/jecampeenvoitureelectrique.com\/en\/wp-json\/wp\/v2\/users\/2"}],"replies":[{"embeddable":true,"href":"https:\/\/jecampeenvoitureelectrique.com\/en\/wp-json\/wp\/v2\/comments?post=2115"}],"version-history":[{"count":1,"href":"https:\/\/jecampeenvoitureelectrique.com\/en\/wp-json\/wp\/v2\/pages\/2115\/revisions"}],"predecessor-version":[{"id":2117,"href":"https:\/\/jecampeenvoitureelectrique.com\/en\/wp-json\/wp\/v2\/pages\/2115\/revisions\/2117"}],"wp:attachment":[{"href":"https:\/\/jecampeenvoitureelectrique.com\/en\/wp-json\/wp\/v2\/media?parent=2115"}],"curies":[{"name":"wp","href":"https:\/\/api.w.org\/{rel}","templated":true}]}}